{"id":42,"date":"2021-06-03T19:55:31","date_gmt":"2021-06-03T16:55:31","guid":{"rendered":"https:\/\/smithwilliamstonic.com\/?page_id=42"},"modified":"2022-07-08T13:26:04","modified_gmt":"2022-07-08T10:26:04","slug":"produkti","status":"publish","type":"page","link":"https:\/\/smithwilliamstonic.com\/lv\/","title":{"rendered":"Smith &#038; Williams"},"content":{"rendered":"\n<p>Velt\u012bts britu d\u017eentlme\u0146iem,kuri pasaulei d\u0101v\u0101ja toniku. <br>Cepuri nost, kungi! Priek\u0101!<\/p>\n","protected":false},"excerpt":{"rendered":"Velt\u012bts britu d\u017eentlme\u0146iem,kuri pasaulei d\u0101v\u0101ja toniku. Cepuri nost, kungi! Priek\u0101!","protected":false},"author":1,"featured_media":0,"parent":0,"menu_order":0,"comment_status":"closed","ping_status":"closed","template":"template-home.php","meta":[],"acf":[],"yoast_head":"<!-- This site is optimized with the Yoast SEO plugin v17.7.1 - https:\/\/yoast.com\/wordpress\/plugins\/seo\/ -->\n<meta name=\"robots\" content=\"index, follow, max-snippet:-1, max-image-preview:large, max-video-preview:-1\" \/>\n<link rel=\"canonical\" href=\"https:\/\/smithwilliamstonic.com\/lv\/\" \/>\n<meta property=\"og:locale\" content=\"lv_LV\" \/>\n<meta property=\"og:type\" content=\"article\" \/>\n<meta property=\"og:title\" content=\"Smith &amp; Williams - Smith &amp; Williams\" \/>\n<meta property=\"og:description\" content=\"Velt\u012bts britu d\u017eentlme\u0146iem,kuri pasaulei d\u0101v\u0101ja toniku. Cepuri nost, kungi! Priek\u0101!\" \/>\n<meta property=\"og:url\" content=\"https:\/\/smithwilliamstonic.com\/lv\/\" \/>\n<meta property=\"og:site_name\" content=\"Smith &amp; Williams\" \/>\n<meta property=\"article:modified_time\" content=\"2022-07-08T10:26:04+00:00\" \/>\n<meta name=\"twitter:card\" content=\"summary_large_image\" \/>\n<meta name=\"twitter:label1\" content=\"Est. reading time\" \/>\n\t<meta name=\"twitter:data1\" content=\"1 minute\" \/>\n<script type=\"application\/ld+json\" class=\"yoast-schema-graph\">{\"@context\":\"https:\/\/schema.org\",\"@graph\":[{\"@type\":\"WebSite\",\"@id\":\"https:\/\/smithwilliamstonic.com\/#website\",\"url\":\"https:\/\/smithwilliamstonic.com\/\",\"name\":\"Smith &amp; Williams\",\"description\":\"\",\"potentialAction\":[{\"@type\":\"SearchAction\",\"target\":{\"@type\":\"EntryPoint\",\"urlTemplate\":\"https:\/\/smithwilliamstonic.com\/?s={search_term_string}\"},\"query-input\":\"required name=search_term_string\"}],\"inLanguage\":\"lv-LV\"},{\"@type\":\"WebPage\",\"@id\":\"https:\/\/smithwilliamstonic.com\/lv\/#webpage\",\"url\":\"https:\/\/smithwilliamstonic.com\/lv\/\",\"name\":\"Smith & Williams - Smith &amp; Williams\",\"isPartOf\":{\"@id\":\"https:\/\/smithwilliamstonic.com\/#website\"},\"datePublished\":\"2021-06-03T16:55:31+00:00\",\"dateModified\":\"2022-07-08T10:26:04+00:00\",\"breadcrumb\":{\"@id\":\"https:\/\/smithwilliamstonic.com\/lv\/#breadcrumb\"},\"inLanguage\":\"lv-LV\",\"potentialAction\":[{\"@type\":\"ReadAction\",\"target\":[\"https:\/\/smithwilliamstonic.com\/lv\/\"]}]},{\"@type\":\"BreadcrumbList\",\"@id\":\"https:\/\/smithwilliamstonic.com\/lv\/#breadcrumb\",\"itemListElement\":[{\"@type\":\"ListItem\",\"position\":1,\"name\":\"Home\",\"item\":\"https:\/\/smithwilliamstonic.com\/lv\/\"},{\"@type\":\"ListItem\",\"position\":2,\"name\":\"Smith &#038; Williams\"}]}]}<\/script>\n<!-- \/ Yoast SEO plugin. -->","yoast_head_json":{"robots":{"index":"index","follow":"follow","max-snippet":"max-snippet:-1","max-image-preview":"max-image-preview:large","max-video-preview":"max-video-preview:-1"},"canonical":"https:\/\/smithwilliamstonic.com\/lv\/","og_locale":"lv_LV","og_type":"article","og_title":"Smith & Williams - Smith &amp; Williams","og_description":"Velt\u012bts britu d\u017eentlme\u0146iem,kuri pasaulei d\u0101v\u0101ja toniku. Cepuri nost, kungi! Priek\u0101!","og_url":"https:\/\/smithwilliamstonic.com\/lv\/","og_site_name":"Smith &amp; Williams","article_modified_time":"2022-07-08T10:26:04+00:00","twitter_card":"summary_large_image","twitter_misc":{"Est. reading time":"1 minute"},"schema":{"@context":"https:\/\/schema.org","@graph":[{"@type":"WebSite","@id":"https:\/\/smithwilliamstonic.com\/#website","url":"https:\/\/smithwilliamstonic.com\/","name":"Smith &amp; Williams","description":"","potentialAction":[{"@type":"SearchAction","target":{"@type":"EntryPoint","urlTemplate":"https:\/\/smithwilliamstonic.com\/?s={search_term_string}"},"query-input":"required name=search_term_string"}],"inLanguage":"lv-LV"},{"@type":"WebPage","@id":"https:\/\/smithwilliamstonic.com\/lv\/#webpage","url":"https:\/\/smithwilliamstonic.com\/lv\/","name":"Smith & Williams - Smith &amp; Williams","isPartOf":{"@id":"https:\/\/smithwilliamstonic.com\/#website"},"datePublished":"2021-06-03T16:55:31+00:00","dateModified":"2022-07-08T10:26:04+00:00","breadcrumb":{"@id":"https:\/\/smithwilliamstonic.com\/lv\/#breadcrumb"},"inLanguage":"lv-LV","potentialAction":[{"@type":"ReadAction","target":["https:\/\/smithwilliamstonic.com\/lv\/"]}]},{"@type":"BreadcrumbList","@id":"https:\/\/smithwilliamstonic.com\/lv\/#breadcrumb","itemListElement":[{"@type":"ListItem","position":1,"name":"Home","item":"https:\/\/smithwilliamstonic.com\/lv\/"},{"@type":"ListItem","position":2,"name":"Smith &#038; Williams"}]}]}},"_links":{"self":[{"href":"https:\/\/smithwilliamstonic.com\/lv\/wp-json\/wp\/v2\/pages\/42"}],"collection":[{"href":"https:\/\/smithwilliamstonic.com\/lv\/wp-json\/wp\/v2\/pages"}],"about":[{"href":"https:\/\/smithwilliamstonic.com\/lv\/wp-json\/wp\/v2\/types\/page"}],"author":[{"embeddable":true,"href":"https:\/\/smithwilliamstonic.com\/lv\/wp-json\/wp\/v2\/users\/1"}],"replies":[{"embeddable":true,"href":"https:\/\/smithwilliamstonic.com\/lv\/wp-json\/wp\/v2\/comments?post=42"}],"version-history":[{"count":27,"href":"https:\/\/smithwilliamstonic.com\/lv\/wp-json\/wp\/v2\/pages\/42\/revisions"}],"predecessor-version":[{"id":319,"href":"https:\/\/smithwilliamstonic.com\/lv\/wp-json\/wp\/v2\/pages\/42\/revisions\/319"}],"wp:attachment":[{"href":"https:\/\/smithwilliamstonic.com\/lv\/wp-json\/wp\/v2\/media?parent=42"}],"curies":[{"name":"wp","href":"https:\/\/api.w.org\/{rel}","templated":true}]}}