{"id":48,"date":"2021-06-03T19:56:34","date_gmt":"2021-06-03T16:56:34","guid":{"rendered":"https:\/\/smithwilliamstonic.com\/?page_id=48"},"modified":"2022-07-08T13:29:24","modified_gmt":"2022-07-08T10:29:24","slug":"produktai","status":"publish","type":"page","link":"https:\/\/smithwilliamstonic.com\/lt\/","title":{"rendered":"Smith &#038; Williams"},"content":{"rendered":"\n<p>Skirta brit\u0173 d\u017eentelmenams, padovanojusiems pasauliui tonik\u0105. <br>Su pagarba \u2013 \u012f sveikat\u0105!<\/p>\n","protected":false},"excerpt":{"rendered":"Skirta brit\u0173 d\u017eentelmenams, padovanojusiems pasauliui tonik\u0105. Su pagarba \u2013 \u012f sveikat\u0105!","protected":false},"author":1,"featured_media":0,"parent":0,"menu_order":0,"comment_status":"closed","ping_status":"closed","template":"template-home.php","meta":[],"acf":[],"yoast_head":"<!-- This site is optimized with the Yoast SEO plugin v17.7.1 - https:\/\/yoast.com\/wordpress\/plugins\/seo\/ -->\n<meta name=\"robots\" content=\"index, follow, max-snippet:-1, max-image-preview:large, max-video-preview:-1\" \/>\n<link rel=\"canonical\" href=\"https:\/\/smithwilliamstonic.com\/lt\/\" \/>\n<meta property=\"og:locale\" content=\"lt_LT\" \/>\n<meta property=\"og:type\" content=\"article\" \/>\n<meta property=\"og:title\" content=\"Smith &amp; Williams - Smith &amp; Williams\" \/>\n<meta property=\"og:description\" content=\"Skirta brit\u0173 d\u017eentelmenams, padovanojusiems pasauliui tonik\u0105. Su pagarba \u2013 \u012f sveikat\u0105!\" \/>\n<meta property=\"og:url\" content=\"https:\/\/smithwilliamstonic.com\/lt\/\" \/>\n<meta property=\"og:site_name\" content=\"Smith &amp; Williams\" \/>\n<meta property=\"article:modified_time\" content=\"2022-07-08T10:29:24+00:00\" \/>\n<meta name=\"twitter:card\" content=\"summary_large_image\" \/>\n<meta name=\"twitter:label1\" content=\"Est. reading time\" \/>\n\t<meta name=\"twitter:data1\" content=\"1 minut\u0117\" \/>\n<script type=\"application\/ld+json\" class=\"yoast-schema-graph\">{\"@context\":\"https:\/\/schema.org\",\"@graph\":[{\"@type\":\"WebSite\",\"@id\":\"https:\/\/smithwilliamstonic.com\/#website\",\"url\":\"https:\/\/smithwilliamstonic.com\/\",\"name\":\"Smith &amp; Williams\",\"description\":\"\",\"potentialAction\":[{\"@type\":\"SearchAction\",\"target\":{\"@type\":\"EntryPoint\",\"urlTemplate\":\"https:\/\/smithwilliamstonic.com\/?s={search_term_string}\"},\"query-input\":\"required name=search_term_string\"}],\"inLanguage\":\"lt-LT\"},{\"@type\":\"WebPage\",\"@id\":\"https:\/\/smithwilliamstonic.com\/lt\/#webpage\",\"url\":\"https:\/\/smithwilliamstonic.com\/lt\/\",\"name\":\"Smith & Williams - Smith &amp; Williams\",\"isPartOf\":{\"@id\":\"https:\/\/smithwilliamstonic.com\/#website\"},\"datePublished\":\"2021-06-03T16:56:34+00:00\",\"dateModified\":\"2022-07-08T10:29:24+00:00\",\"breadcrumb\":{\"@id\":\"https:\/\/smithwilliamstonic.com\/lt\/#breadcrumb\"},\"inLanguage\":\"lt-LT\",\"potentialAction\":[{\"@type\":\"ReadAction\",\"target\":[\"https:\/\/smithwilliamstonic.com\/lt\/\"]}]},{\"@type\":\"BreadcrumbList\",\"@id\":\"https:\/\/smithwilliamstonic.com\/lt\/#breadcrumb\",\"itemListElement\":[{\"@type\":\"ListItem\",\"position\":1,\"name\":\"Home\",\"item\":\"https:\/\/smithwilliamstonic.com\/lt\/\"},{\"@type\":\"ListItem\",\"position\":2,\"name\":\"Smith &#038; Williams\"}]}]}<\/script>\n<!-- \/ Yoast SEO plugin. -->","yoast_head_json":{"robots":{"index":"index","follow":"follow","max-snippet":"max-snippet:-1","max-image-preview":"max-image-preview:large","max-video-preview":"max-video-preview:-1"},"canonical":"https:\/\/smithwilliamstonic.com\/lt\/","og_locale":"lt_LT","og_type":"article","og_title":"Smith & Williams - Smith &amp; Williams","og_description":"Skirta brit\u0173 d\u017eentelmenams, padovanojusiems pasauliui tonik\u0105. Su pagarba \u2013 \u012f sveikat\u0105!","og_url":"https:\/\/smithwilliamstonic.com\/lt\/","og_site_name":"Smith &amp; Williams","article_modified_time":"2022-07-08T10:29:24+00:00","twitter_card":"summary_large_image","twitter_misc":{"Est. reading time":"1 minut\u0117"},"schema":{"@context":"https:\/\/schema.org","@graph":[{"@type":"WebSite","@id":"https:\/\/smithwilliamstonic.com\/#website","url":"https:\/\/smithwilliamstonic.com\/","name":"Smith &amp; Williams","description":"","potentialAction":[{"@type":"SearchAction","target":{"@type":"EntryPoint","urlTemplate":"https:\/\/smithwilliamstonic.com\/?s={search_term_string}"},"query-input":"required name=search_term_string"}],"inLanguage":"lt-LT"},{"@type":"WebPage","@id":"https:\/\/smithwilliamstonic.com\/lt\/#webpage","url":"https:\/\/smithwilliamstonic.com\/lt\/","name":"Smith & Williams - Smith &amp; Williams","isPartOf":{"@id":"https:\/\/smithwilliamstonic.com\/#website"},"datePublished":"2021-06-03T16:56:34+00:00","dateModified":"2022-07-08T10:29:24+00:00","breadcrumb":{"@id":"https:\/\/smithwilliamstonic.com\/lt\/#breadcrumb"},"inLanguage":"lt-LT","potentialAction":[{"@type":"ReadAction","target":["https:\/\/smithwilliamstonic.com\/lt\/"]}]},{"@type":"BreadcrumbList","@id":"https:\/\/smithwilliamstonic.com\/lt\/#breadcrumb","itemListElement":[{"@type":"ListItem","position":1,"name":"Home","item":"https:\/\/smithwilliamstonic.com\/lt\/"},{"@type":"ListItem","position":2,"name":"Smith &#038; Williams"}]}]}},"_links":{"self":[{"href":"https:\/\/smithwilliamstonic.com\/lt\/wp-json\/wp\/v2\/pages\/48"}],"collection":[{"href":"https:\/\/smithwilliamstonic.com\/lt\/wp-json\/wp\/v2\/pages"}],"about":[{"href":"https:\/\/smithwilliamstonic.com\/lt\/wp-json\/wp\/v2\/types\/page"}],"author":[{"embeddable":true,"href":"https:\/\/smithwilliamstonic.com\/lt\/wp-json\/wp\/v2\/users\/1"}],"replies":[{"embeddable":true,"href":"https:\/\/smithwilliamstonic.com\/lt\/wp-json\/wp\/v2\/comments?post=48"}],"version-history":[{"count":17,"href":"https:\/\/smithwilliamstonic.com\/lt\/wp-json\/wp\/v2\/pages\/48\/revisions"}],"predecessor-version":[{"id":322,"href":"https:\/\/smithwilliamstonic.com\/lt\/wp-json\/wp\/v2\/pages\/48\/revisions\/322"}],"wp:attachment":[{"href":"https:\/\/smithwilliamstonic.com\/lt\/wp-json\/wp\/v2\/media?parent=48"}],"curies":[{"name":"wp","href":"https:\/\/api.w.org\/{rel}","templated":true}]}}